{"id":3530,"date":"2022-12-20T13:55:15","date_gmt":"2022-12-20T12:55:15","guid":{"rendered":"https:\/\/dev.e-vis.se\/?page_id=3530"},"modified":"2023-07-05T12:45:16","modified_gmt":"2023-07-05T10:45:16","slug":"forfalskade-lakemedel","status":"publish","type":"page","link":"https:\/\/e-vis.se\/en\/forfalskade-lakemedel\/","title":{"rendered":"F\u00f6rfalskade l\u00e4kemedel"},"content":{"rendered":"\n<div class=\"wp-block-cover alignfull hero\" style=\"min-height:300px;aspect-ratio:unset;\" id=\"hero\"><span aria-hidden=\"true\" class=\"wp-block-cover__background has-neve-link-color-background-color has-background-dim-100 has-background-dim\"><\/span><div class=\"wp-block-cover__inner-container is-layout-flow wp-block-cover-is-layout-flow\">\n<div class=\"wp-block-columns hero-first-block is-layout-flex wp-container-core-columns-is-layout-9d6595d7 wp-block-columns-is-layout-flex\">\n<div class=\"wp-block-column hero-image-box has-nv-dark-bg-background-color has-background is-layout-flow wp-block-column-is-layout-flow\" style=\"flex-basis:50%\"><div class=\"wp-block-image\">\n<figure class=\"aligncenter size-large\"><img loading=\"lazy\" decoding=\"async\" width=\"1280\" height=\"767\" src=\"https:\/\/e-vis.se\/wp-content\/uploads\/2022\/12\/scanner-kopia-1280x767.png\" alt=\"\" class=\"wp-image-3566\" srcset=\"https:\/\/e-vis.se\/wp-content\/uploads\/2022\/12\/scanner-kopia-1280x767.png 1280w, https:\/\/e-vis.se\/wp-content\/uploads\/2022\/12\/scanner-kopia-640x383.png 640w, https:\/\/e-vis.se\/wp-content\/uploads\/2022\/12\/scanner-kopia-768x460.png 768w, https:\/\/e-vis.se\/wp-content\/uploads\/2022\/12\/scanner-kopia.png 1397w\" sizes=\"auto, (max-width: 1280px) 100vw, 1280px\" \/><\/figure>\n<\/div><\/div>\n\n\n\n<div class=\"wp-block-column is-vertically-aligned-center is-layout-flow wp-block-column-is-layout-flow\" style=\"flex-basis:50%\">\n<h2 class=\"has-nv-text-dark-bg-color has-text-color wp-block-heading\">F\u00f6rfalskade l\u00e4kemedel<\/h2>\n\n\n\n<p class=\"has-nv-text-dark-bg-color has-text-color\">F\u00f6rfalskade l\u00e4kemedel definieras enligt svensk lag som humanl\u00e4kemedel med oriktig beteckning med avseende p\u00e5 dess:<\/p>\n\n\n\n<div class=\"wp-block-buttons is-vertical is-layout-flex wp-container-core-buttons-is-layout-8cf370e7 wp-block-buttons-is-layout-flex\">\n<div class=\"wp-block-button is-style-primary\"><a class=\"wp-block-button__link has-nv-text-dark-bg-color has-text-color has-background wp-element-button\" href=\"https:\/\/e-vis.se\/forfalskade-lakemedel\/bakgrund-till-e-verifikation\/\" style=\"background-color:#ffffff00\">Bakgrund till e-verfikation<\/a><\/div>\n<\/div>\n<\/div>\n<\/div>\n<\/div><\/div>\n\n\n\n<div style=\"height:100px\" aria-hidden=\"true\" class=\"wp-block-spacer\"><\/div>\n\n\n\n<div class=\"wp-block-columns is-layout-flex wp-container-core-columns-is-layout-9d6595d7 wp-block-columns-is-layout-flex\">\n<div class=\"wp-block-column is-layout-flow wp-block-column-is-layout-flow\" style=\"flex-basis:66.66%\">\n<h2 class=\"has-nv-dark-bg-color has-text-color wp-block-heading\">Om f\u00f6rfalskade l\u00e4kemedel<\/h2>\n\n\n\n<p>F\u00f6rfalskade l\u00e4kemedel definieras enligt svensk lag som humanl\u00e4kemedel med oriktig beteckning med avseende p\u00e5 dess:<\/p>\n\n\n\n<ul class=\"wp-block-list\">\n<li><strong>identitet<\/strong>, inbegripet f\u00f6rpackning och m\u00e4rkning, namn eller sammans\u00e4ttning av best\u00e5ndsdelar, inbegripet hj\u00e4lp\u00e4mnen, och dessa best\u00e5ndsdelars styrka,<\/li>\n\n\n\n<li><strong>ursprung<\/strong>, inbegripet tillverkare, tillverkningsland, ursprungsland, innehavare av godk\u00e4nnande f\u00f6r f\u00f6rs\u00e4ljning, eller<\/li>\n\n\n\n<li><strong>historia<\/strong>, inbegripet register och handlingar fr\u00e5n anv\u00e4nda distributionskanaler.<\/li>\n<\/ul>\n\n\n\n<p>Med f\u00f6rfalskat l\u00e4kemedel avses inte humanl\u00e4kemedel med en oriktig beteckning till f\u00f6ljd av oavsiktliga kvalitetsdefekter.<\/p>\n\n\n\n<p>F\u00f6rfalskade l\u00e4kemedel \u00e4r inget problem i Sverige idag, men tillsammans m\u00e5ste vi arbeta f\u00f6rebyggande s\u00e5 att det forts\u00e4tter vara s\u00e5.<\/p>\n<\/div>\n\n\n\n<div class=\"wp-block-column is-layout-flow wp-block-column-is-layout-flow\" style=\"flex-basis:33.33%\"><div class=\"document widget\"><div class=\"doc-block\"><h4 id=\"las-mer-om-forfalskade-lakemedel\">L\u00e4s mer om f\u00f6rfalskade l\u00e4kemedel<\/h4><div class=\"docs\"><div><a class=\"dok-url\" href=\"https:\/\/www.lakemedelsverket.se\/sv\/tillstand-godkannande-och-kontroll\/forsaljningstillstand\/produktinformation\/sakerhetsdetaljer-pa-forpackningar#hmainbody1\" target=\"_blank\">Om f\u00f6rfalskade l\u00e4kemedel &#8211; L\u00e4kemedelsverket<\/a><\/div><div><a class=\"dok-url\" href=\"https:\/\/health.ec.europa.eu\/medicinal-products\/falsified-medicines_sv\" target=\"_blank\">Falsified medicines (europa.eu)<\/a><\/div><div><a class=\"dok-url\" href=\"https:\/\/www.interpol.int\/Crimes\/Illicit-goods\/Shop-safely\/Fake-medicines\" target=\"_blank\">Fake medicines (interpol.int)<\/a><\/div><div><a class=\"dok-url\" href=\"https:\/\/www.who.int\/health-topics\/substandard-and-falsified-medical-products#tab=tab_1\" target=\"_blank\">Substandard and falsified medical products (who.int)<\/a><\/div><div><a class=\"dok-file\" href=\"https:\/\/e-vis.se\/wp-content\/uploads\/2023\/02\/The-European-Medicines-Verification-System-explained-EMVO.pdf\" target=\"_blank\">The European Medicines Verification System explained EMVO<\/a><\/div><\/div><\/div><\/div><\/div>\n<\/div>\n\n\n\n<div class=\"wp-block-columns is-layout-flex wp-container-core-columns-is-layout-9d6595d7 wp-block-columns-is-layout-flex\">\n<div class=\"wp-block-column is-layout-flow wp-block-column-is-layout-flow\" style=\"flex-basis:100%\">\n<p><\/p>\n<\/div>\n<\/div>\n\n\n\n<h2 class=\"has-nv-dark-bg-color has-text-color wp-block-heading\">Var f\u00f6rekommer f\u00f6rfalskade l\u00e4kemedel?<\/h2>\n\n\n\n<p>F\u00f6rfalskade l\u00e4kemedel \u00e4r ett problem i hela v\u00e4rden. I utvecklingsl\u00e4nder har WHO uppskattat att upp till 10 % av den legala distributionen och i en procent i utvecklingsl\u00e4nder best\u00e5r av f\u00f6rfalskade l\u00e4kemedel. Ca 50 av illegal internethandel bed\u00f6ms best\u00e5 av f\u00f6rfalskade l\u00e4kemedel.<\/p>\n\n\n\n<p>I Sverige har de f\u00f6rekommit ett f\u00e5tal fall av identifierade f\u00f6rfalskningar det senaste decenniet. Dock finns inget fall d\u00e4r f\u00f6rfalskade l\u00e4kemedel n\u00e5tt patienter.<\/p>\n\n\n\n<p>Det \u00e4r viktigt att alla som p\u00e5 n\u00e5got s\u00e4tt hanterar l\u00e4kemedel arbetar f\u00f6r att fortsatt s\u00e4kerst\u00e4lla att f\u00f6rfalskade l\u00e4kemedel inte n\u00e5r patient. F\u00f6rfalskade l\u00e4kemedel kan ha mycket negativa konsekvenser f\u00f6r patienter.<\/p>\n\n\n\n<p>F\u00f6rfalskade l\u00e4kemedel kan inneh\u00e5lla helt andra eller ingen aktiv substans alls. Detta leder till uteblivna behandlingsresultat men \u00e4ven risk f\u00f6r f\u00f6rgiftning och allvarliga biverkningar. F\u00f6rfalskade l\u00e4kemedel kan \u00e4ven bidra till \u00f6kad resistensutveckling hos antivirala l\u00e4kemedel och antibiotika d\u00e5 felaktiga niv\u00e5er av aktiv substans kan g\u00f6ra att virus eller bakterier kan utveckla motst\u00e5ndskraft till l\u00e4kemedlet i st\u00e4llet.<\/p>\n\n\n\n<h2 class=\"has-nv-dark-bg-color has-text-color wp-block-heading\">Sverige har en s\u00e4ker l\u00e4kemedelshantering<\/h2>\n\n\n\n<p>Sverige har redan idag ett av Europas mest s\u00e4kra system f\u00f6r l\u00e4kemedelsdistribution, oavsett om man handlar sitt l\u00e4kemedel p\u00e5 ett lokalt apotek eller best\u00e4ller det fr\u00e5n ett godk\u00e4nt internetapotek.<\/p>\n\n\n\n<p>Sverige har varit ett av de p\u00e5drivande l\u00e4nderna inom EU f\u00f6r inf\u00f6randet av ut\u00f6kad s\u00e4kerhetsm\u00e4rkning av l\u00e4kemedel. Inte f\u00f6r att Sverige har problem med f\u00f6rfalskade l\u00e4kemedel p\u00e5 godk\u00e4nda apotek \u2013 utan f\u00f6r att f\u00f6rhindra att vi ska f\u00e5 det i framtiden.<\/p>\n\n\n\n<p>Det b\u00e4sta s\u00e4ttet att skydda sig mot f\u00f6rfalskade l\u00e4kemedel \u00e4r att alltid handla sina l\u00e4kemedel p\u00e5 godk\u00e4nda apotek. Detta kan vara s\u00e4rskilt viktigt n\u00e4r man k\u00f6per l\u00e4kemedel p\u00e5 internet<\/p>\n\n\n\n<p>P\u00e5 L\u00e4kemedelsverkets webbplats finns information om vilka apotek som \u00e4r godk\u00e4nda.<\/p>\n\n\n\n<h2 class=\"has-nv-dark-bg-color has-text-color wp-block-heading\">Kontrollera att du alltid handlar l\u00e4kemedel fr\u00e5n apotek och handel med tillst\u00e5nd att s\u00e4lja l\u00e4kemedel<\/h2>\n\n\n\n<div class=\"wp-block-columns is-layout-flex wp-container-core-columns-is-layout-9d6595d7 wp-block-columns-is-layout-flex\">\n<div class=\"wp-block-column is-layout-flow wp-block-column-is-layout-flow\" style=\"flex-basis:66.66%\">\n<p>Som patient och anv\u00e4ndare av l\u00e4kemedel kan du ocks\u00e5 bidra till att minska spridningen av f\u00f6rfalskade l\u00e4kemedel. Genom att alltid handla dina l\u00e4kemedel p\u00e5 apotek med tillst\u00e5nd eller i n\u00e4thandel som har r\u00e4tt att bedriva n\u00e4thandel med l\u00e4kemedel.<\/p>\n\n\n\n<p>Det \u00e4r L\u00e4kemedelsverket som ger tillst\u00e5nd f\u00f6r akt\u00f6rer att bedriva apoteksverksamhet.<\/p>\n\n\n\n<p>Apotek med tillst\u00e5nd ska alltid ha symbolen \u201dApotek med tillst\u00e5nd av L\u00e4kemedelsverket\u201d tydligt uppsatt.<\/p>\n<\/div>\n\n\n\n<div class=\"wp-block-column is-layout-flow wp-block-column-is-layout-flow\" style=\"flex-basis:33.33%\"><div class=\"wp-block-image\">\n<figure class=\"aligncenter size-full is-resized\"><img loading=\"lazy\" decoding=\"async\" src=\"https:\/\/e-vis.se\/wp-content\/uploads\/2023\/01\/Apotek-Symbol-Large-RGB.jpg\" alt=\"\" class=\"wp-image-4119\" width=\"253\" height=\"299\"\/><\/figure>\n<\/div><\/div>\n<\/div>\n\n\n\n<h3 class=\"has-nv-dark-bg-color has-text-color wp-block-heading\">N\u00e4r du handlar l\u00e4kemedel p\u00e5 n\u00e4tet<\/h3>\n\n\n\n<p>Om du handlar l\u00e4kemedel p\u00e5 n\u00e4tet kan du kontrollera att e-handeln har r\u00e4tt att bedriva handel med l\u00e4kemedel. E-handeln ska ha symbolen nedan tydligt angiven p\u00e5 sin hemsida.<\/p>\n\n\n\n<div class=\"wp-block-columns is-layout-flex wp-container-core-columns-is-layout-9d6595d7 wp-block-columns-is-layout-flex\">\n<div class=\"wp-block-column is-layout-flow wp-block-column-is-layout-flow\">\n<p>Du ska kunna klicka p\u00e5 symbolen och ska d\u00e5 komma till l\u00e4kemedelsverkets hemsida. P\u00e5 l\u00e4kemedelsverkets sida ska du kunna hitta den e-handel du ska handla ifr\u00e5n.<\/p>\n<\/div>\n\n\n\n<div class=\"wp-block-column is-layout-flow wp-block-column-is-layout-flow\">\n<figure class=\"wp-block-image size-full\"><img loading=\"lazy\" decoding=\"async\" width=\"636\" height=\"265\" src=\"https:\/\/e-vis.se\/wp-content\/uploads\/2023\/01\/eu-loggor.png\" alt=\"\" class=\"wp-image-4121\"\/><\/figure>\n<\/div>\n<\/div>\n\n\n\n<p><\/p>\n","protected":false},"excerpt":{"rendered":"<p>Om f\u00f6rfalskade l\u00e4kemedel F\u00f6rfalskade l\u00e4kemedel definieras enligt svensk lag som humanl\u00e4kemedel med oriktig beteckning med avseende p\u00e5 dess: Med f\u00f6rfalskat l\u00e4kemedel avses inte humanl\u00e4kemedel med en oriktig beteckning till f\u00f6ljd av oavsiktliga kvalitetsdefekter. F\u00f6rfalskade l\u00e4kemedel \u00e4r inget problem i Sverige idag, men tillsammans m\u00e5ste vi arbeta f\u00f6rebyggande s\u00e5 att det forts\u00e4tter vara s\u00e5. Var f\u00f6rekommer&hellip;&nbsp;<a href=\"https:\/\/e-vis.se\/en\/forfalskade-lakemedel\/\" rel=\"bookmark\">Read More &raquo;<span class=\"screen-reader-text\">F\u00f6rfalskade l\u00e4kemedel<\/span><\/a><\/p>\n","protected":false},"author":3,"featured_media":4456,"parent":0,"menu_order":0,"comment_status":"closed","ping_status":"closed","template":"","meta":{"_acf_changed":false,"inline_featured_image":false,"neve_meta_sidebar":"","neve_meta_container":"","neve_meta_enable_content_width":"on","neve_meta_content_width":100,"neve_meta_title_alignment":"","neve_meta_author_avatar":"","neve_post_elements_order":"","neve_meta_disable_header":"","neve_meta_disable_footer":"","neve_meta_disable_title":"on","neve_meta_reading_time":"","footnotes":""},"class_list":["post-3530","page","type-page","status-publish","has-post-thumbnail","hentry"],"acf":[],"featured_image_src":"https:\/\/e-vis.se\/wp-content\/uploads\/2023\/02\/default-img-evis.png","yoast_head":"<!-- This site is optimized with the Yoast SEO plugin v27.1.1 - https:\/\/yoast.com\/product\/yoast-seo-wordpress\/ -->\n<title>F\u00f6rfalskade l\u00e4kemedel - e-VIS<\/title>\n<meta name=\"robots\" content=\"index, follow, max-snippet:-1, max-image-preview:large, max-video-preview:-1\" \/>\n<link rel=\"canonical\" href=\"https:\/\/e-vis.se\/forfalskade-lakemedel\/\" \/>\n<meta property=\"og:locale\" content=\"en_US\" \/>\n<meta property=\"og:type\" content=\"article\" \/>\n<meta property=\"og:title\" content=\"F\u00f6rfalskade l\u00e4kemedel - e-VIS\" \/>\n<meta property=\"og:description\" content=\"Om f\u00f6rfalskade l\u00e4kemedel F\u00f6rfalskade l\u00e4kemedel definieras enligt svensk lag som humanl\u00e4kemedel med oriktig beteckning med avseende p\u00e5 dess: Med f\u00f6rfalskat l\u00e4kemedel avses inte humanl\u00e4kemedel med en oriktig beteckning till f\u00f6ljd av oavsiktliga kvalitetsdefekter. F\u00f6rfalskade l\u00e4kemedel \u00e4r inget problem i Sverige idag, men tillsammans m\u00e5ste vi arbeta f\u00f6rebyggande s\u00e5 att det forts\u00e4tter vara s\u00e5. Var f\u00f6rekommer&hellip;&nbsp;Read More &raquo;F\u00f6rfalskade l\u00e4kemedel\" \/>\n<meta property=\"og:url\" content=\"https:\/\/e-vis.se\/forfalskade-lakemedel\/\" \/>\n<meta property=\"og:site_name\" content=\"e-VIS\" \/>\n<meta property=\"article:modified_time\" content=\"2023-07-05T10:45:16+00:00\" \/>\n<meta property=\"og:image\" content=\"https:\/\/e-vis.se\/wp-content\/uploads\/2022\/12\/scanner-kopia-1280x767.png\" \/>\n<meta name=\"twitter:card\" content=\"summary_large_image\" \/>\n<meta name=\"twitter:label1\" content=\"Est. reading time\" \/>\n\t<meta name=\"twitter:data1\" content=\"4 minutes\" \/>\n<script type=\"application\/ld+json\" class=\"yoast-schema-graph\">{\"@context\":\"https:\/\/schema.org\",\"@graph\":[{\"@type\":\"WebPage\",\"@id\":\"https:\/\/e-vis.se\/forfalskade-lakemedel\/\",\"url\":\"https:\/\/e-vis.se\/forfalskade-lakemedel\/\",\"name\":\"F\u00f6rfalskade l\u00e4kemedel - e-VIS\",\"isPartOf\":{\"@id\":\"https:\/\/e-vis.se\/#website\"},\"primaryImageOfPage\":{\"@id\":\"https:\/\/e-vis.se\/forfalskade-lakemedel\/#primaryimage\"},\"image\":{\"@id\":\"https:\/\/e-vis.se\/forfalskade-lakemedel\/#primaryimage\"},\"thumbnailUrl\":\"https:\/\/e-vis.se\/wp-content\/uploads\/2023\/02\/default-img-evis.png\",\"datePublished\":\"2022-12-20T12:55:15+00:00\",\"dateModified\":\"2023-07-05T10:45:16+00:00\",\"breadcrumb\":{\"@id\":\"https:\/\/e-vis.se\/forfalskade-lakemedel\/#breadcrumb\"},\"inLanguage\":\"en-US\",\"potentialAction\":[{\"@type\":\"ReadAction\",\"target\":[\"https:\/\/e-vis.se\/forfalskade-lakemedel\/\"]}]},{\"@type\":\"ImageObject\",\"inLanguage\":\"en-US\",\"@id\":\"https:\/\/e-vis.se\/forfalskade-lakemedel\/#primaryimage\",\"url\":\"https:\/\/e-vis.se\/wp-content\/uploads\/2023\/02\/default-img-evis.png\",\"contentUrl\":\"https:\/\/e-vis.se\/wp-content\/uploads\/2023\/02\/default-img-evis.png\",\"width\":1024,\"height\":480},{\"@type\":\"BreadcrumbList\",\"@id\":\"https:\/\/e-vis.se\/forfalskade-lakemedel\/#breadcrumb\",\"itemListElement\":[{\"@type\":\"ListItem\",\"position\":1,\"name\":\"Start\",\"item\":\"https:\/\/e-vis.se\/\"},{\"@type\":\"ListItem\",\"position\":2,\"name\":\"F\u00f6rfalskade l\u00e4kemedel\"}]},{\"@type\":\"WebSite\",\"@id\":\"https:\/\/e-vis.se\/#website\",\"url\":\"https:\/\/e-vis.se\/\",\"name\":\"e-VIS\",\"description\":\"e-Verifikation i Sverige\",\"publisher\":{\"@id\":\"https:\/\/e-vis.se\/#organization\"},\"potentialAction\":[{\"@type\":\"SearchAction\",\"target\":{\"@type\":\"EntryPoint\",\"urlTemplate\":\"https:\/\/e-vis.se\/?s={search_term_string}\"},\"query-input\":{\"@type\":\"PropertyValueSpecification\",\"valueRequired\":true,\"valueName\":\"search_term_string\"}}],\"inLanguage\":\"en-US\"},{\"@type\":\"Organization\",\"@id\":\"https:\/\/e-vis.se\/#organization\",\"name\":\"e-VIS\",\"url\":\"https:\/\/e-vis.se\/\",\"logo\":{\"@type\":\"ImageObject\",\"inLanguage\":\"en-US\",\"@id\":\"https:\/\/e-vis.se\/#\/schema\/logo\/image\/\",\"url\":\"https:\/\/e-vis.se\/wp-content\/uploads\/2022\/12\/evis-std.jpg\",\"contentUrl\":\"https:\/\/e-vis.se\/wp-content\/uploads\/2022\/12\/evis-std.jpg\",\"width\":1024,\"height\":768,\"caption\":\"e-VIS\"},\"image\":{\"@id\":\"https:\/\/e-vis.se\/#\/schema\/logo\/image\/\"}}]}<\/script>\n<!-- \/ Yoast SEO plugin. -->","yoast_head_json":{"title":"F\u00f6rfalskade l\u00e4kemedel - e-VIS","robots":{"index":"index","follow":"follow","max-snippet":"max-snippet:-1","max-image-preview":"max-image-preview:large","max-video-preview":"max-video-preview:-1"},"canonical":"https:\/\/e-vis.se\/forfalskade-lakemedel\/","og_locale":"en_US","og_type":"article","og_title":"F\u00f6rfalskade l\u00e4kemedel - e-VIS","og_description":"Om f\u00f6rfalskade l\u00e4kemedel F\u00f6rfalskade l\u00e4kemedel definieras enligt svensk lag som humanl\u00e4kemedel med oriktig beteckning med avseende p\u00e5 dess: Med f\u00f6rfalskat l\u00e4kemedel avses inte humanl\u00e4kemedel med en oriktig beteckning till f\u00f6ljd av oavsiktliga kvalitetsdefekter. F\u00f6rfalskade l\u00e4kemedel \u00e4r inget problem i Sverige idag, men tillsammans m\u00e5ste vi arbeta f\u00f6rebyggande s\u00e5 att det forts\u00e4tter vara s\u00e5. Var f\u00f6rekommer&hellip;&nbsp;Read More &raquo;F\u00f6rfalskade l\u00e4kemedel","og_url":"https:\/\/e-vis.se\/forfalskade-lakemedel\/","og_site_name":"e-VIS","article_modified_time":"2023-07-05T10:45:16+00:00","og_image":[{"url":"https:\/\/e-vis.se\/wp-content\/uploads\/2022\/12\/scanner-kopia-1280x767.png","type":"","width":"","height":""}],"twitter_card":"summary_large_image","twitter_misc":{"Est. reading time":"4 minutes"},"schema":{"@context":"https:\/\/schema.org","@graph":[{"@type":"WebPage","@id":"https:\/\/e-vis.se\/forfalskade-lakemedel\/","url":"https:\/\/e-vis.se\/forfalskade-lakemedel\/","name":"F\u00f6rfalskade l\u00e4kemedel - e-VIS","isPartOf":{"@id":"https:\/\/e-vis.se\/#website"},"primaryImageOfPage":{"@id":"https:\/\/e-vis.se\/forfalskade-lakemedel\/#primaryimage"},"image":{"@id":"https:\/\/e-vis.se\/forfalskade-lakemedel\/#primaryimage"},"thumbnailUrl":"https:\/\/e-vis.se\/wp-content\/uploads\/2023\/02\/default-img-evis.png","datePublished":"2022-12-20T12:55:15+00:00","dateModified":"2023-07-05T10:45:16+00:00","breadcrumb":{"@id":"https:\/\/e-vis.se\/forfalskade-lakemedel\/#breadcrumb"},"inLanguage":"en-US","potentialAction":[{"@type":"ReadAction","target":["https:\/\/e-vis.se\/forfalskade-lakemedel\/"]}]},{"@type":"ImageObject","inLanguage":"en-US","@id":"https:\/\/e-vis.se\/forfalskade-lakemedel\/#primaryimage","url":"https:\/\/e-vis.se\/wp-content\/uploads\/2023\/02\/default-img-evis.png","contentUrl":"https:\/\/e-vis.se\/wp-content\/uploads\/2023\/02\/default-img-evis.png","width":1024,"height":480},{"@type":"BreadcrumbList","@id":"https:\/\/e-vis.se\/forfalskade-lakemedel\/#breadcrumb","itemListElement":[{"@type":"ListItem","position":1,"name":"Start","item":"https:\/\/e-vis.se\/"},{"@type":"ListItem","position":2,"name":"F\u00f6rfalskade l\u00e4kemedel"}]},{"@type":"WebSite","@id":"https:\/\/e-vis.se\/#website","url":"https:\/\/e-vis.se\/","name":"e-VIS","description":"e-Verifikation i Sverige","publisher":{"@id":"https:\/\/e-vis.se\/#organization"},"potentialAction":[{"@type":"SearchAction","target":{"@type":"EntryPoint","urlTemplate":"https:\/\/e-vis.se\/?s={search_term_string}"},"query-input":{"@type":"PropertyValueSpecification","valueRequired":true,"valueName":"search_term_string"}}],"inLanguage":"en-US"},{"@type":"Organization","@id":"https:\/\/e-vis.se\/#organization","name":"e-VIS","url":"https:\/\/e-vis.se\/","logo":{"@type":"ImageObject","inLanguage":"en-US","@id":"https:\/\/e-vis.se\/#\/schema\/logo\/image\/","url":"https:\/\/e-vis.se\/wp-content\/uploads\/2022\/12\/evis-std.jpg","contentUrl":"https:\/\/e-vis.se\/wp-content\/uploads\/2022\/12\/evis-std.jpg","width":1024,"height":768,"caption":"e-VIS"},"image":{"@id":"https:\/\/e-vis.se\/#\/schema\/logo\/image\/"}}]}},"_links":{"self":[{"href":"https:\/\/e-vis.se\/en\/wp-json\/wp\/v2\/pages\/3530","targetHints":{"allow":["GET"]}}],"collection":[{"href":"https:\/\/e-vis.se\/en\/wp-json\/wp\/v2\/pages"}],"about":[{"href":"https:\/\/e-vis.se\/en\/wp-json\/wp\/v2\/types\/page"}],"author":[{"embeddable":true,"href":"https:\/\/e-vis.se\/en\/wp-json\/wp\/v2\/users\/3"}],"replies":[{"embeddable":true,"href":"https:\/\/e-vis.se\/en\/wp-json\/wp\/v2\/comments?post=3530"}],"version-history":[{"count":15,"href":"https:\/\/e-vis.se\/en\/wp-json\/wp\/v2\/pages\/3530\/revisions"}],"predecessor-version":[{"id":5578,"href":"https:\/\/e-vis.se\/en\/wp-json\/wp\/v2\/pages\/3530\/revisions\/5578"}],"wp:featuredmedia":[{"embeddable":true,"href":"https:\/\/e-vis.se\/en\/wp-json\/wp\/v2\/media\/4456"}],"wp:attachment":[{"href":"https:\/\/e-vis.se\/en\/wp-json\/wp\/v2\/media?parent=3530"}],"curies":[{"name":"wp","href":"https:\/\/api.w.org\/{rel}","templated":true}]}}