{"id":3998,"date":"2023-01-11T13:24:10","date_gmt":"2023-01-11T12:24:10","guid":{"rendered":"https:\/\/dev.e-vis.se\/?page_id=3998"},"modified":"2023-12-20T15:22:55","modified_gmt":"2023-12-20T14:22:55","slug":"contact","status":"publish","type":"page","link":"https:\/\/e-vis.se\/en\/about-us\/contact\/","title":{"rendered":"Contact"},"content":{"rendered":"\n<div class=\"wp-block-columns is-layout-flex wp-container-core-columns-is-layout-9d6595d7 wp-block-columns-is-layout-flex\">\n<div class=\"wp-block-column is-layout-flow wp-block-column-is-layout-flow\" style=\"flex-basis:66.66%\">\n<p><img loading=\"lazy\" decoding=\"async\" src=\"https:\/\/e-vis.se\/wp-content\/uploads\/2017\/05\/staticmap.png\" width=\"640\" height=\"300\" alt=\"Image\"><\/p>\n\n\n\n<h2 class=\"wp-block-heading\">Contact<\/h2>\n\n\n\n<h4 class=\"wp-block-heading has-nv-dark-bg-color has-text-color\">Alerts and exceptions<\/h4>\n\n\n\n<div class=\"wp-block-buttons is-layout-flex wp-block-buttons-is-layout-flex\">\n<div class=\"wp-block-button\"><a class=\"wp-block-button__link has-nv-dark-bg-color has-nv-site-bg-background-color has-text-color has-background wp-element-button\" href=\"mailto:alerts@e-vis.se\">alerts@e-vis.se<\/a><\/div>\n<\/div>\n\n\n\n<div style=\"height:31px\" aria-hidden=\"true\" class=\"wp-block-spacer\"><\/div>\n\n\n\n<h4 class=\"wp-block-heading has-nv-dark-bg-color has-text-color\">Contracts and fees<\/h4>\n\n\n\n<div class=\"wp-block-buttons is-layout-flex wp-block-buttons-is-layout-flex\"><\/div>\n\n\n\n<div class=\"wp-block-buttons is-layout-flex wp-block-buttons-is-layout-flex\">\n<div class=\"wp-block-button\"><a class=\"wp-block-button__link has-nv-dark-bg-color has-nv-site-bg-background-color has-text-color has-background wp-element-button\">administration@e-vis.se<\/a><\/div>\n<\/div>\n\n\n\n<div style=\"height:30px\" aria-hidden=\"true\" class=\"wp-block-spacer\"><\/div>\n\n\n\n<h4 class=\"wp-block-heading has-nv-dark-bg-color has-text-color\">General questions and Press<\/h4>\n\n\n\n<div class=\"wp-block-buttons is-layout-flex wp-block-buttons-is-layout-flex\">\n<div class=\"wp-block-button\"><a class=\"wp-block-button__link has-nv-dark-bg-color has-nv-site-bg-background-color has-text-color has-background wp-element-button\" href=\"mailto:info@e-vis.se\"><strong><strong>info<\/strong>@e-vis.se<\/strong><\/a><\/div>\n<\/div>\n\n\n\n<div style=\"height:30px\" aria-hidden=\"true\" class=\"wp-block-spacer\"><\/div>\n\n\n\n<p><strong>Phone <\/strong>(switch): +46 8 462 37 00<\/p>\n\n\n\n<h2 class=\"wp-block-heading\">Visitingaddress<\/h2>\n\n\n\n<p>Sveav\u00e4gen 63, second floor, Stockholm<br><\/p>\n\n\n\n<p><strong>Metro<\/strong><br>Green line, R\u00e5dmansgatan, walk aprox. 100 m.<\/p>\n\n\n\n<p><strong>Bus<\/strong><br>Line&nbsp;57 Handelsh\u00f6gskolan (Sofia \u2013 Karolinska Institutet \u2013 Sofia)<\/p>\n\n\n\n<p><strong>Car<br><\/strong>Car park Saltm\u00e4targatan 18-20 (Q-Park).&nbsp;<a href=\"https:\/\/www.google.se\/maps\/place\/Saltm%C3%A4targatan+20,+113+59+Stockholm\/@59.3406711,18.055246,17z\/data=!3m1!4b1!4m2!3m1!1s0x465f9d68b1f8c5eb:0x7e286202c77fb1db\">Map link<\/a>.<br>Car park&nbsp;Luntmakargatan 46 (Q-Park).&nbsp;<a href=\"https:\/\/www.google.se\/maps\/place\/Luntmakargatan+46,+111+37+Stockholm\/@59.339678,18.0592456,17z\/data=!3m1!4b1!4m2!3m1!1s0x465f9d687e707da1:0x35a5516574defe39\">Map link<\/a>.<br>Car park&nbsp;Luntmakargatan 51 (Q-Park).&nbsp;<a href=\"https:\/\/www.google.se\/maps\/place\/Luntmakargatan+51,+111+37+Stockholm\/@59.3394047,18.0591337,17z\/data=!4m5!1m2!2m1!1sLuntmakargatan+51,+Stockholm!3m1!1s0x465f9d687f77f691:0xa7fa7f88dc178cdc\">Map link<\/a><\/p>\n\n\n\n<p><strong>Postal address<br><\/strong>e-VIS<br>c\/o Lif Service AB<br>Box 17608<br>SE-118 92 Stockholm<br>Sweden<br><br><strong>Invoice address<br><\/strong>e-VIS<br>c\/o Lif Service AB<br>Fack 972<br>FE 836<br>SE-751 75 Uppsala<br>Sweden<\/p>\n\n\n\n<p>Company registration number: 802503-1462<br>VAT number: SE802503146201<\/p>\n\n\n\n<p>Email address for electronic PDF invoice; <a href=\"mailto:efakt.lif@devo.se\">efakt.lif@devo.se<\/a> <br>Please state your e-VIS contact person as a reference on the invoice<\/p>\n<\/div>\n\n\n\n<div class=\"wp-block-column is-layout-flow wp-block-column-is-layout-flow\" style=\"flex-basis:33%\"><\/div>\n<\/div>\n","protected":false},"excerpt":{"rendered":"<p>Contact Alerts and exceptions Contracts and fees General questions and Press Phone (switch): +46 8 462 37 00 Visitingaddress Sveav\u00e4gen 63, second floor, Stockholm MetroGreen line, R\u00e5dmansgatan, walk aprox. 100 m. BusLine&nbsp;57 Handelsh\u00f6gskolan (Sofia \u2013 Karolinska Institutet \u2013 Sofia) CarCar park Saltm\u00e4targatan 18-20 (Q-Park).&nbsp;Map link.Car park&nbsp;Luntmakargatan 46 (Q-Park).&nbsp;Map link.Car park&nbsp;Luntmakargatan 51 (Q-Park).&nbsp;Map link Postal addresse-VISc\/o&hellip;&nbsp;<a href=\"https:\/\/e-vis.se\/en\/about-us\/contact\/\" rel=\"bookmark\">Read More &raquo;<span class=\"screen-reader-text\">Contact<\/span><\/a><\/p>\n","protected":false},"author":3,"featured_media":3504,"parent":3977,"menu_order":0,"comment_status":"closed","ping_status":"closed","template":"","meta":{"_acf_changed":false,"inline_featured_image":false,"neve_meta_sidebar":"","neve_meta_container":"","neve_meta_enable_content_width":"on","neve_meta_content_width":100,"neve_meta_title_alignment":"","neve_meta_author_avatar":"","neve_post_elements_order":"","neve_meta_disable_header":"","neve_meta_disable_footer":"","neve_meta_disable_title":"on","neve_meta_reading_time":"","footnotes":""},"class_list":["post-3998","page","type-page","status-publish","has-post-thumbnail","hentry"],"acf":[],"featured_image_src":"https:\/\/e-vis.se\/wp-content\/uploads\/2022\/12\/evis-std-2.jpg","yoast_head":"<!-- This site is optimized with the Yoast SEO plugin v27.1.1 - https:\/\/yoast.com\/product\/yoast-seo-wordpress\/ -->\n<title>Contact - e-VIS<\/title>\n<meta name=\"robots\" content=\"index, follow, max-snippet:-1, max-image-preview:large, max-video-preview:-1\" \/>\n<link rel=\"canonical\" href=\"https:\/\/e-vis.se\/en\/about-us\/contact\/\" \/>\n<meta property=\"og:locale\" content=\"en_US\" \/>\n<meta property=\"og:type\" content=\"article\" \/>\n<meta property=\"og:title\" content=\"Contact - e-VIS\" \/>\n<meta property=\"og:description\" content=\"Contact Alerts and exceptions Contracts and fees General questions and Press Phone (switch): +46 8 462 37 00 Visitingaddress Sveav\u00e4gen 63, second floor, Stockholm MetroGreen line, R\u00e5dmansgatan, walk aprox. 100 m. BusLine&nbsp;57 Handelsh\u00f6gskolan (Sofia \u2013 Karolinska Institutet \u2013 Sofia) CarCar park Saltm\u00e4targatan 18-20 (Q-Park).&nbsp;Map link.Car park&nbsp;Luntmakargatan 46 (Q-Park).&nbsp;Map link.Car park&nbsp;Luntmakargatan 51 (Q-Park).&nbsp;Map link Postal addresse-VISc\/o&hellip;&nbsp;Read More &raquo;Contact\" \/>\n<meta property=\"og:url\" content=\"https:\/\/e-vis.se\/en\/about-us\/contact\/\" \/>\n<meta property=\"og:site_name\" content=\"e-VIS\" \/>\n<meta property=\"article:modified_time\" content=\"2023-12-20T14:22:55+00:00\" \/>\n<meta property=\"og:image\" content=\"https:\/\/e-vis.se\/wp-content\/uploads\/2022\/12\/evis-std-2.jpg\" \/>\n\t<meta property=\"og:image:width\" content=\"1024\" \/>\n\t<meta property=\"og:image:height\" content=\"768\" \/>\n\t<meta property=\"og:image:type\" content=\"image\/jpeg\" \/>\n<meta name=\"twitter:card\" content=\"summary_large_image\" \/>\n<meta name=\"twitter:label1\" content=\"Est. reading time\" \/>\n\t<meta name=\"twitter:data1\" content=\"1 minute\" \/>\n<script type=\"application\/ld+json\" class=\"yoast-schema-graph\">{\"@context\":\"https:\/\/schema.org\",\"@graph\":[{\"@type\":\"WebPage\",\"@id\":\"https:\/\/e-vis.se\/en\/about-us\/contact\/\",\"url\":\"https:\/\/e-vis.se\/en\/about-us\/contact\/\",\"name\":\"Contact - e-VIS\",\"isPartOf\":{\"@id\":\"https:\/\/e-vis.se\/#website\"},\"primaryImageOfPage\":{\"@id\":\"https:\/\/e-vis.se\/en\/about-us\/contact\/#primaryimage\"},\"image\":{\"@id\":\"https:\/\/e-vis.se\/en\/about-us\/contact\/#primaryimage\"},\"thumbnailUrl\":\"https:\/\/e-vis.se\/wp-content\/uploads\/2022\/12\/evis-std-2.jpg\",\"datePublished\":\"2023-01-11T12:24:10+00:00\",\"dateModified\":\"2023-12-20T14:22:55+00:00\",\"breadcrumb\":{\"@id\":\"https:\/\/e-vis.se\/en\/about-us\/contact\/#breadcrumb\"},\"inLanguage\":\"en-US\",\"potentialAction\":[{\"@type\":\"ReadAction\",\"target\":[\"https:\/\/e-vis.se\/en\/about-us\/contact\/\"]}]},{\"@type\":\"ImageObject\",\"inLanguage\":\"en-US\",\"@id\":\"https:\/\/e-vis.se\/en\/about-us\/contact\/#primaryimage\",\"url\":\"https:\/\/e-vis.se\/wp-content\/uploads\/2022\/12\/evis-std-2.jpg\",\"contentUrl\":\"https:\/\/e-vis.se\/wp-content\/uploads\/2022\/12\/evis-std-2.jpg\",\"width\":1024,\"height\":768},{\"@type\":\"BreadcrumbList\",\"@id\":\"https:\/\/e-vis.se\/en\/about-us\/contact\/#breadcrumb\",\"itemListElement\":[{\"@type\":\"ListItem\",\"position\":1,\"name\":\"Start\",\"item\":\"https:\/\/e-vis.se\/\"},{\"@type\":\"ListItem\",\"position\":2,\"name\":\"About us\",\"item\":\"https:\/\/e-vis.se\/en\/about-us\/\"},{\"@type\":\"ListItem\",\"position\":3,\"name\":\"Contact\"}]},{\"@type\":\"WebSite\",\"@id\":\"https:\/\/e-vis.se\/#website\",\"url\":\"https:\/\/e-vis.se\/\",\"name\":\"e-VIS\",\"description\":\"e-Verifikation i Sverige\",\"publisher\":{\"@id\":\"https:\/\/e-vis.se\/#organization\"},\"potentialAction\":[{\"@type\":\"SearchAction\",\"target\":{\"@type\":\"EntryPoint\",\"urlTemplate\":\"https:\/\/e-vis.se\/?s={search_term_string}\"},\"query-input\":{\"@type\":\"PropertyValueSpecification\",\"valueRequired\":true,\"valueName\":\"search_term_string\"}}],\"inLanguage\":\"en-US\"},{\"@type\":\"Organization\",\"@id\":\"https:\/\/e-vis.se\/#organization\",\"name\":\"e-VIS\",\"url\":\"https:\/\/e-vis.se\/\",\"logo\":{\"@type\":\"ImageObject\",\"inLanguage\":\"en-US\",\"@id\":\"https:\/\/e-vis.se\/#\/schema\/logo\/image\/\",\"url\":\"https:\/\/e-vis.se\/wp-content\/uploads\/2022\/12\/evis-std.jpg\",\"contentUrl\":\"https:\/\/e-vis.se\/wp-content\/uploads\/2022\/12\/evis-std.jpg\",\"width\":1024,\"height\":768,\"caption\":\"e-VIS\"},\"image\":{\"@id\":\"https:\/\/e-vis.se\/#\/schema\/logo\/image\/\"}}]}<\/script>\n<!-- \/ Yoast SEO plugin. -->","yoast_head_json":{"title":"Contact - e-VIS","robots":{"index":"index","follow":"follow","max-snippet":"max-snippet:-1","max-image-preview":"max-image-preview:large","max-video-preview":"max-video-preview:-1"},"canonical":"https:\/\/e-vis.se\/en\/about-us\/contact\/","og_locale":"en_US","og_type":"article","og_title":"Contact - e-VIS","og_description":"Contact Alerts and exceptions Contracts and fees General questions and Press Phone (switch): +46 8 462 37 00 Visitingaddress Sveav\u00e4gen 63, second floor, Stockholm MetroGreen line, R\u00e5dmansgatan, walk aprox. 100 m. BusLine&nbsp;57 Handelsh\u00f6gskolan (Sofia \u2013 Karolinska Institutet \u2013 Sofia) CarCar park Saltm\u00e4targatan 18-20 (Q-Park).&nbsp;Map link.Car park&nbsp;Luntmakargatan 46 (Q-Park).&nbsp;Map link.Car park&nbsp;Luntmakargatan 51 (Q-Park).&nbsp;Map link Postal addresse-VISc\/o&hellip;&nbsp;Read More &raquo;Contact","og_url":"https:\/\/e-vis.se\/en\/about-us\/contact\/","og_site_name":"e-VIS","article_modified_time":"2023-12-20T14:22:55+00:00","og_image":[{"width":1024,"height":768,"url":"https:\/\/e-vis.se\/wp-content\/uploads\/2022\/12\/evis-std-2.jpg","type":"image\/jpeg"}],"twitter_card":"summary_large_image","twitter_misc":{"Est. reading time":"1 minute"},"schema":{"@context":"https:\/\/schema.org","@graph":[{"@type":"WebPage","@id":"https:\/\/e-vis.se\/en\/about-us\/contact\/","url":"https:\/\/e-vis.se\/en\/about-us\/contact\/","name":"Contact - e-VIS","isPartOf":{"@id":"https:\/\/e-vis.se\/#website"},"primaryImageOfPage":{"@id":"https:\/\/e-vis.se\/en\/about-us\/contact\/#primaryimage"},"image":{"@id":"https:\/\/e-vis.se\/en\/about-us\/contact\/#primaryimage"},"thumbnailUrl":"https:\/\/e-vis.se\/wp-content\/uploads\/2022\/12\/evis-std-2.jpg","datePublished":"2023-01-11T12:24:10+00:00","dateModified":"2023-12-20T14:22:55+00:00","breadcrumb":{"@id":"https:\/\/e-vis.se\/en\/about-us\/contact\/#breadcrumb"},"inLanguage":"en-US","potentialAction":[{"@type":"ReadAction","target":["https:\/\/e-vis.se\/en\/about-us\/contact\/"]}]},{"@type":"ImageObject","inLanguage":"en-US","@id":"https:\/\/e-vis.se\/en\/about-us\/contact\/#primaryimage","url":"https:\/\/e-vis.se\/wp-content\/uploads\/2022\/12\/evis-std-2.jpg","contentUrl":"https:\/\/e-vis.se\/wp-content\/uploads\/2022\/12\/evis-std-2.jpg","width":1024,"height":768},{"@type":"BreadcrumbList","@id":"https:\/\/e-vis.se\/en\/about-us\/contact\/#breadcrumb","itemListElement":[{"@type":"ListItem","position":1,"name":"Start","item":"https:\/\/e-vis.se\/"},{"@type":"ListItem","position":2,"name":"About us","item":"https:\/\/e-vis.se\/en\/about-us\/"},{"@type":"ListItem","position":3,"name":"Contact"}]},{"@type":"WebSite","@id":"https:\/\/e-vis.se\/#website","url":"https:\/\/e-vis.se\/","name":"e-VIS","description":"e-Verifikation i Sverige","publisher":{"@id":"https:\/\/e-vis.se\/#organization"},"potentialAction":[{"@type":"SearchAction","target":{"@type":"EntryPoint","urlTemplate":"https:\/\/e-vis.se\/?s={search_term_string}"},"query-input":{"@type":"PropertyValueSpecification","valueRequired":true,"valueName":"search_term_string"}}],"inLanguage":"en-US"},{"@type":"Organization","@id":"https:\/\/e-vis.se\/#organization","name":"e-VIS","url":"https:\/\/e-vis.se\/","logo":{"@type":"ImageObject","inLanguage":"en-US","@id":"https:\/\/e-vis.se\/#\/schema\/logo\/image\/","url":"https:\/\/e-vis.se\/wp-content\/uploads\/2022\/12\/evis-std.jpg","contentUrl":"https:\/\/e-vis.se\/wp-content\/uploads\/2022\/12\/evis-std.jpg","width":1024,"height":768,"caption":"e-VIS"},"image":{"@id":"https:\/\/e-vis.se\/#\/schema\/logo\/image\/"}}]}},"_links":{"self":[{"href":"https:\/\/e-vis.se\/en\/wp-json\/wp\/v2\/pages\/3998","targetHints":{"allow":["GET"]}}],"collection":[{"href":"https:\/\/e-vis.se\/en\/wp-json\/wp\/v2\/pages"}],"about":[{"href":"https:\/\/e-vis.se\/en\/wp-json\/wp\/v2\/types\/page"}],"author":[{"embeddable":true,"href":"https:\/\/e-vis.se\/en\/wp-json\/wp\/v2\/users\/3"}],"replies":[{"embeddable":true,"href":"https:\/\/e-vis.se\/en\/wp-json\/wp\/v2\/comments?post=3998"}],"version-history":[{"count":6,"href":"https:\/\/e-vis.se\/en\/wp-json\/wp\/v2\/pages\/3998\/revisions"}],"predecessor-version":[{"id":4973,"href":"https:\/\/e-vis.se\/en\/wp-json\/wp\/v2\/pages\/3998\/revisions\/4973"}],"up":[{"embeddable":true,"href":"https:\/\/e-vis.se\/en\/wp-json\/wp\/v2\/pages\/3977"}],"wp:featuredmedia":[{"embeddable":true,"href":"https:\/\/e-vis.se\/en\/wp-json\/wp\/v2\/media\/3504"}],"wp:attachment":[{"href":"https:\/\/e-vis.se\/en\/wp-json\/wp\/v2\/media?parent=3998"}],"curies":[{"name":"wp","href":"https:\/\/api.w.org\/{rel}","templated":true}]}}