{"id":5535,"date":"2025-11-11T14:12:58","date_gmt":"2025-11-11T13:12:58","guid":{"rendered":"https:\/\/e-vis.se\/?page_id=5535"},"modified":"2025-12-03T11:15:47","modified_gmt":"2025-12-03T10:15:47","slug":"bakomdittlakemedel","status":"publish","type":"page","link":"https:\/\/e-vis.se\/en\/forfalskade-lakemedel\/bakomdittlakemedel\/","title":{"rendered":"Bakom ditt l\u00e4kemedel"},"content":{"rendered":"\n<h1 class=\"wp-block-heading has-neve-link-color-color has-text-color\">Bakom ditt l\u00e4kemedel<\/h1>\n\n\n\n<!-- Video Embed Code -->\r\n<iframe title=\"Bakom ditt l\u00e4kemedel - e-VIS 2025\" src=\"https:\/\/videos.e-vis.se\/player\/index.html?id=692801070fd0b6029ae2f912\" frameborder=\"0\" allowfullscreen style=\"border: none; aspect-ratio: 16\/9; width: 100%; height: auto;\" allow=\"autoplay; fullscreen; picture-in-picture; clipboard-write\"><\/iframe>\n\n\n\n<div class=\"wp-block-columns is-layout-flex wp-container-core-columns-is-layout-9d6595d7 wp-block-columns-is-layout-flex\">\n<div class=\"wp-block-column is-layout-flow wp-block-column-is-layout-flow\" style=\"flex-basis:66.66%\">\n<p><strong>L\u00e4kemedel \u00e4r livsviktigt.<\/strong> F\u00f6r att vara s\u00e4ker p\u00e5 att det l\u00e4kemedel du f\u00e5r \u00e4r \u00e4kta m\u00e5ste du k\u00f6pa det p\u00e5 ett lagligt och godk\u00e4nt apotek eller n\u00e4tapotek. K\u00f6per du l\u00e4kemedel fr\u00e5n ett olagligt n\u00e4tapotek riskerar du att<\/p>\n\n\n\n<ul class=\"wp-block-list\">\n<li>f\u00e5 f\u00f6rfalskade l\u00e4kemedel med ok\u00e4nt och farligt inneh\u00e5ll<\/li>\n\n\n\n<li>st\u00f6tta g\u00e4ngkriminalitet<\/li>\n\n\n\n<li>f\u00e5 fel dosering eller helt fel produkt<\/li>\n\n\n\n<li>drabbas av bedr\u00e4geri och identitetsst\u00f6ld eftersom du l\u00e4mnar ut dina person- och betaluppgifter till yrkeskriminella.<\/li>\n<\/ul>\n\n\n\n<p><\/p>\n\n\n\n<p><strong><a href=\"https:\/\/www.lakemedelsverket.se\/sv\/behandling-och-forskrivning\/kopa-anvanda-och-hantera\/kopa-medicin\/kopa-medicin-pa-natet\/risker-med-att-handla-pa-olagliga-natapotek\" target=\"_blank\" rel=\"noreferrer noopener\">L\u00e4s mer hos L\u00e4kemedelsverket om risker med att handla medicin p\u00e5 olagliga webbsidor<\/a><\/strong><\/p>\n\n\n\n<p><\/p>\n\n\n\n<h4 class=\"wp-block-heading has-neve-link-color-color has-text-color has-link-color wp-elements-b4f1c83c08558038a06adb4c408fb0ab\"><strong>Handla alltid l\u00e4kemedel p\u00e5 godk\u00e4nda apotek<\/strong><\/h4>\n\n\n\n<p>D\u00e5 kan du vara trygg med att<\/p>\n\n\n\n<ul class=\"wp-block-list\">\n<li>ditt l\u00e4kemedel inneh\u00e5ller vad det ska inneh\u00e5lla<\/li>\n\n\n\n<li>ditt l\u00e4kemedel \u00e4r kontrollerat och f\u00f6rvarat p\u00e5 r\u00e4tt s\u00e4tt<\/li>\n\n\n\n<li>utbildad personal finns tillg\u00e4nglig f\u00f6r r\u00e5d och st\u00f6d<\/li>\n<\/ul>\n\n\n\n<p><\/p>\n\n\n\n<h4 class=\"wp-block-heading has-neve-link-color-color has-text-color has-link-color wp-elements-4420389920b1116ccf49480ce0ace371\"><strong>S\u00e5 k\u00e4nner du igen ett lagligt n\u00e4tapotek<\/strong><\/h4>\n\n\n\n<p>Alla godk\u00e4nda apotek som s\u00e4ljer l\u00e4kemedel online ska visa<\/p>\n\n\n\n<figure class=\"wp-block-table is-style-regular\"><table style=\"border-style:none;border-width:0px\"><tbody><tr><td><strong>Den nationella apotekssymbolen<\/strong><\/td><td>Klickbar och ska leda till L\u00e4kemedelsverkets lista \u00f6ver apotek med tillst\u00e5nd. <\/td><\/tr><tr><td><strong>EU-gemensamma symboler<\/strong><\/td><td>Det finns tv\u00e5 olika symboler \u2013&nbsp;en f\u00f6r l\u00e4kemedel till m\u00e4nniskor och en f\u00f6r l\u00e4kemedel till djur. Klickar du p\u00e5 symbolen ska du komma till L\u00e4kemedelsverkets hemsida som bekr\u00e4ftar att apoteket \u00e4r registrerat och godk\u00e4nt.<\/td><\/tr><\/tbody><\/table><\/figure>\n\n\n\n<div class=\"wp-block-columns is-layout-flex wp-container-core-columns-is-layout-9d6595d7 wp-block-columns-is-layout-flex\">\n<div class=\"wp-block-column is-layout-flow wp-block-column-is-layout-flow\" style=\"flex-basis:33.33%\">\n<figure class=\"wp-block-gallery has-nested-images columns-default is-cropped wp-block-gallery-1 is-layout-flex wp-block-gallery-is-layout-flex\">\n<figure class=\"wp-block-image size-large\"><img loading=\"lazy\" decoding=\"async\" width=\"312\" height=\"368\" data-id=\"4119\" src=\"https:\/\/e-vis.se\/wp-content\/uploads\/2023\/01\/Apotek-Symbol-Large-RGB.jpg\" alt=\"\" class=\"wp-image-4119\"\/><\/figure>\n<\/figure>\n<\/div>\n\n\n\n<div class=\"wp-block-column is-layout-flow wp-block-column-is-layout-flow\" style=\"flex-basis:66.66%\">\n<figure class=\"wp-block-gallery has-nested-images columns-default is-cropped wp-block-gallery-2 is-layout-flex wp-block-gallery-is-layout-flex\">\n<figure class=\"wp-block-image size-large\"><img loading=\"lazy\" decoding=\"async\" width=\"636\" height=\"265\" data-id=\"4121\" src=\"https:\/\/e-vis.se\/wp-content\/uploads\/2023\/01\/eu-loggor.png\" alt=\"\" class=\"wp-image-4121\"\/><\/figure>\n<\/figure>\n<\/div>\n<\/div>\n\n\n\n<h4 class=\"wp-block-heading\"><strong>S\u00e5 kontrollerar du ett n\u00e4tapotek<\/strong> \u00e4r \u00e4kta<\/h4>\n\n\n\n<p>Genom att klicka p\u00e5 symbolen p\u00e5 webbplatsen du vill handla ifr\u00e5n kan du se om den f\u00e5r s\u00e4lja l\u00e4kemedel.<\/p>\n\n\n\n<ol start=\"1\" class=\"wp-block-list\">\n<li>Kontrollera att det finns en EU-symbol och klicka p\u00e5 den<\/li>\n\n\n\n<li>Du kommer till en sida p\u00e5 L\u00e4kemedelsverkets webbplats som visar information om den aktuella webbhandlaren\/apoteket.<\/li>\n\n\n\n<li>P\u00e5 samma sida finns en l\u00e4nk som leder tillbaka till e-handlarens webbplats. Klicka p\u00e5 den.<\/li>\n\n\n\n<li>Nu ska du komma tillbaka till webbplatsen du ville kontrollera. F\u00f6rst nu vet du att webbplatsen \u00e4r anm\u00e4ld till L\u00e4kemedelsverket och d\u00e4rmed har laglig r\u00e4tt att s\u00e4lja l\u00e4kemedel p\u00e5 n\u00e4tet.<\/li>\n<\/ol>\n\n\n\n<p><strong><a href=\"https:\/\/www.lakemedelsverket.se\/sv\/behandling-och-forskrivning\/kopa-anvanda-och-hantera\/kopa-medicin\/kopa-medicin-pa-natet#hmainbody1\" target=\"_blank\" rel=\"noreferrer noopener\">L\u00e4s mer om hur du kontrollerar att ett apotek \u00e4r \u00e4kta hos L\u00e4kemedelsverket &#8211; K\u00f6pa medicin p\u00e5 n\u00e4tet<\/a><\/strong><\/p>\n<\/div>\n\n\n\n<div class=\"wp-block-column is-layout-flow wp-block-column-is-layout-flow\" style=\"flex-basis:33%\"><\/div>\n<\/div>\n\n\n\n<p><\/p>\n","protected":false},"excerpt":{"rendered":"<p>Bakom ditt l\u00e4kemedel L\u00e4kemedel \u00e4r livsviktigt. F\u00f6r att vara s\u00e4ker p\u00e5 att det l\u00e4kemedel du f\u00e5r \u00e4r \u00e4kta m\u00e5ste du k\u00f6pa det p\u00e5 ett lagligt och godk\u00e4nt apotek eller n\u00e4tapotek. K\u00f6per du l\u00e4kemedel fr\u00e5n ett olagligt n\u00e4tapotek riskerar du att L\u00e4s mer hos L\u00e4kemedelsverket om risker med att handla medicin p\u00e5 olagliga webbsidor Handla alltid&hellip;&nbsp;<a href=\"https:\/\/e-vis.se\/en\/forfalskade-lakemedel\/bakomdittlakemedel\/\" rel=\"bookmark\">Read More &raquo;<span class=\"screen-reader-text\">Bakom ditt l\u00e4kemedel<\/span><\/a><\/p>\n","protected":false},"author":9,"featured_media":4456,"parent":3530,"menu_order":0,"comment_status":"closed","ping_status":"closed","template":"","meta":{"_acf_changed":false,"inline_featured_image":false,"neve_meta_sidebar":"","neve_meta_container":"","neve_meta_enable_content_width":"on","neve_meta_content_width":100,"neve_meta_title_alignment":"","neve_meta_author_avatar":"","neve_post_elements_order":"","neve_meta_disable_header":"","neve_meta_disable_footer":"","neve_meta_disable_title":"on","neve_meta_reading_time":"","footnotes":""},"class_list":["post-5535","page","type-page","status-publish","has-post-thumbnail","hentry"],"acf":[],"featured_image_src":"https:\/\/e-vis.se\/wp-content\/uploads\/2023\/02\/default-img-evis.png","yoast_head":"<!-- This site is optimized with the Yoast SEO plugin v27.1.1 - https:\/\/yoast.com\/product\/yoast-seo-wordpress\/ -->\n<title>Bakom ditt l\u00e4kemedel - e-VIS<\/title>\n<meta name=\"robots\" content=\"index, follow, max-snippet:-1, max-image-preview:large, max-video-preview:-1\" \/>\n<link rel=\"canonical\" href=\"https:\/\/e-vis.se\/forfalskade-lakemedel\/bakomdittlakemedel\/\" \/>\n<meta property=\"og:locale\" content=\"en_US\" \/>\n<meta property=\"og:type\" content=\"article\" \/>\n<meta property=\"og:title\" content=\"Bakom ditt l\u00e4kemedel - e-VIS\" \/>\n<meta property=\"og:description\" content=\"Bakom ditt l\u00e4kemedel L\u00e4kemedel \u00e4r livsviktigt. F\u00f6r att vara s\u00e4ker p\u00e5 att det l\u00e4kemedel du f\u00e5r \u00e4r \u00e4kta m\u00e5ste du k\u00f6pa det p\u00e5 ett lagligt och godk\u00e4nt apotek eller n\u00e4tapotek. K\u00f6per du l\u00e4kemedel fr\u00e5n ett olagligt n\u00e4tapotek riskerar du att L\u00e4s mer hos L\u00e4kemedelsverket om risker med att handla medicin p\u00e5 olagliga webbsidor Handla alltid&hellip;&nbsp;Read More &raquo;Bakom ditt l\u00e4kemedel\" \/>\n<meta property=\"og:url\" content=\"https:\/\/e-vis.se\/forfalskade-lakemedel\/bakomdittlakemedel\/\" \/>\n<meta property=\"og:site_name\" content=\"e-VIS\" \/>\n<meta property=\"article:modified_time\" content=\"2025-12-03T10:15:47+00:00\" \/>\n<meta property=\"og:image\" content=\"https:\/\/e-vis.se\/wp-content\/uploads\/2023\/02\/default-img-evis.png\" \/>\n\t<meta property=\"og:image:width\" content=\"1024\" \/>\n\t<meta property=\"og:image:height\" content=\"480\" \/>\n\t<meta property=\"og:image:type\" content=\"image\/png\" \/>\n<meta name=\"twitter:card\" content=\"summary_large_image\" \/>\n<meta name=\"twitter:label1\" content=\"Est. reading time\" \/>\n\t<meta name=\"twitter:data1\" content=\"3 minutes\" \/>\n<script type=\"application\/ld+json\" class=\"yoast-schema-graph\">{\"@context\":\"https:\/\/schema.org\",\"@graph\":[{\"@type\":\"WebPage\",\"@id\":\"https:\/\/e-vis.se\/forfalskade-lakemedel\/bakomdittlakemedel\/\",\"url\":\"https:\/\/e-vis.se\/forfalskade-lakemedel\/bakomdittlakemedel\/\",\"name\":\"Bakom ditt l\u00e4kemedel - e-VIS\",\"isPartOf\":{\"@id\":\"https:\/\/e-vis.se\/#website\"},\"primaryImageOfPage\":{\"@id\":\"https:\/\/e-vis.se\/forfalskade-lakemedel\/bakomdittlakemedel\/#primaryimage\"},\"image\":{\"@id\":\"https:\/\/e-vis.se\/forfalskade-lakemedel\/bakomdittlakemedel\/#primaryimage\"},\"thumbnailUrl\":\"https:\/\/e-vis.se\/wp-content\/uploads\/2023\/02\/default-img-evis.png\",\"datePublished\":\"2025-11-11T13:12:58+00:00\",\"dateModified\":\"2025-12-03T10:15:47+00:00\",\"breadcrumb\":{\"@id\":\"https:\/\/e-vis.se\/forfalskade-lakemedel\/bakomdittlakemedel\/#breadcrumb\"},\"inLanguage\":\"en-US\",\"potentialAction\":[{\"@type\":\"ReadAction\",\"target\":[\"https:\/\/e-vis.se\/forfalskade-lakemedel\/bakomdittlakemedel\/\"]}]},{\"@type\":\"ImageObject\",\"inLanguage\":\"en-US\",\"@id\":\"https:\/\/e-vis.se\/forfalskade-lakemedel\/bakomdittlakemedel\/#primaryimage\",\"url\":\"https:\/\/e-vis.se\/wp-content\/uploads\/2023\/02\/default-img-evis.png\",\"contentUrl\":\"https:\/\/e-vis.se\/wp-content\/uploads\/2023\/02\/default-img-evis.png\",\"width\":1024,\"height\":480},{\"@type\":\"BreadcrumbList\",\"@id\":\"https:\/\/e-vis.se\/forfalskade-lakemedel\/bakomdittlakemedel\/#breadcrumb\",\"itemListElement\":[{\"@type\":\"ListItem\",\"position\":1,\"name\":\"Start\",\"item\":\"https:\/\/e-vis.se\/\"},{\"@type\":\"ListItem\",\"position\":2,\"name\":\"F\u00f6rfalskade l\u00e4kemedel\",\"item\":\"https:\/\/e-vis.se\/forfalskade-lakemedel\/\"},{\"@type\":\"ListItem\",\"position\":3,\"name\":\"Bakom ditt l\u00e4kemedel\"}]},{\"@type\":\"WebSite\",\"@id\":\"https:\/\/e-vis.se\/#website\",\"url\":\"https:\/\/e-vis.se\/\",\"name\":\"e-VIS\",\"description\":\"e-Verifikation i Sverige\",\"publisher\":{\"@id\":\"https:\/\/e-vis.se\/#organization\"},\"potentialAction\":[{\"@type\":\"SearchAction\",\"target\":{\"@type\":\"EntryPoint\",\"urlTemplate\":\"https:\/\/e-vis.se\/?s={search_term_string}\"},\"query-input\":{\"@type\":\"PropertyValueSpecification\",\"valueRequired\":true,\"valueName\":\"search_term_string\"}}],\"inLanguage\":\"en-US\"},{\"@type\":\"Organization\",\"@id\":\"https:\/\/e-vis.se\/#organization\",\"name\":\"e-VIS\",\"url\":\"https:\/\/e-vis.se\/\",\"logo\":{\"@type\":\"ImageObject\",\"inLanguage\":\"en-US\",\"@id\":\"https:\/\/e-vis.se\/#\/schema\/logo\/image\/\",\"url\":\"https:\/\/e-vis.se\/wp-content\/uploads\/2022\/12\/evis-std.jpg\",\"contentUrl\":\"https:\/\/e-vis.se\/wp-content\/uploads\/2022\/12\/evis-std.jpg\",\"width\":1024,\"height\":768,\"caption\":\"e-VIS\"},\"image\":{\"@id\":\"https:\/\/e-vis.se\/#\/schema\/logo\/image\/\"}}]}<\/script>\n<!-- \/ Yoast SEO plugin. -->","yoast_head_json":{"title":"Bakom ditt l\u00e4kemedel - e-VIS","robots":{"index":"index","follow":"follow","max-snippet":"max-snippet:-1","max-image-preview":"max-image-preview:large","max-video-preview":"max-video-preview:-1"},"canonical":"https:\/\/e-vis.se\/forfalskade-lakemedel\/bakomdittlakemedel\/","og_locale":"en_US","og_type":"article","og_title":"Bakom ditt l\u00e4kemedel - e-VIS","og_description":"Bakom ditt l\u00e4kemedel L\u00e4kemedel \u00e4r livsviktigt. F\u00f6r att vara s\u00e4ker p\u00e5 att det l\u00e4kemedel du f\u00e5r \u00e4r \u00e4kta m\u00e5ste du k\u00f6pa det p\u00e5 ett lagligt och godk\u00e4nt apotek eller n\u00e4tapotek. K\u00f6per du l\u00e4kemedel fr\u00e5n ett olagligt n\u00e4tapotek riskerar du att L\u00e4s mer hos L\u00e4kemedelsverket om risker med att handla medicin p\u00e5 olagliga webbsidor Handla alltid&hellip;&nbsp;Read More &raquo;Bakom ditt l\u00e4kemedel","og_url":"https:\/\/e-vis.se\/forfalskade-lakemedel\/bakomdittlakemedel\/","og_site_name":"e-VIS","article_modified_time":"2025-12-03T10:15:47+00:00","og_image":[{"width":1024,"height":480,"url":"https:\/\/e-vis.se\/wp-content\/uploads\/2023\/02\/default-img-evis.png","type":"image\/png"}],"twitter_card":"summary_large_image","twitter_misc":{"Est. reading time":"3 minutes"},"schema":{"@context":"https:\/\/schema.org","@graph":[{"@type":"WebPage","@id":"https:\/\/e-vis.se\/forfalskade-lakemedel\/bakomdittlakemedel\/","url":"https:\/\/e-vis.se\/forfalskade-lakemedel\/bakomdittlakemedel\/","name":"Bakom ditt l\u00e4kemedel - e-VIS","isPartOf":{"@id":"https:\/\/e-vis.se\/#website"},"primaryImageOfPage":{"@id":"https:\/\/e-vis.se\/forfalskade-lakemedel\/bakomdittlakemedel\/#primaryimage"},"image":{"@id":"https:\/\/e-vis.se\/forfalskade-lakemedel\/bakomdittlakemedel\/#primaryimage"},"thumbnailUrl":"https:\/\/e-vis.se\/wp-content\/uploads\/2023\/02\/default-img-evis.png","datePublished":"2025-11-11T13:12:58+00:00","dateModified":"2025-12-03T10:15:47+00:00","breadcrumb":{"@id":"https:\/\/e-vis.se\/forfalskade-lakemedel\/bakomdittlakemedel\/#breadcrumb"},"inLanguage":"en-US","potentialAction":[{"@type":"ReadAction","target":["https:\/\/e-vis.se\/forfalskade-lakemedel\/bakomdittlakemedel\/"]}]},{"@type":"ImageObject","inLanguage":"en-US","@id":"https:\/\/e-vis.se\/forfalskade-lakemedel\/bakomdittlakemedel\/#primaryimage","url":"https:\/\/e-vis.se\/wp-content\/uploads\/2023\/02\/default-img-evis.png","contentUrl":"https:\/\/e-vis.se\/wp-content\/uploads\/2023\/02\/default-img-evis.png","width":1024,"height":480},{"@type":"BreadcrumbList","@id":"https:\/\/e-vis.se\/forfalskade-lakemedel\/bakomdittlakemedel\/#breadcrumb","itemListElement":[{"@type":"ListItem","position":1,"name":"Start","item":"https:\/\/e-vis.se\/"},{"@type":"ListItem","position":2,"name":"F\u00f6rfalskade l\u00e4kemedel","item":"https:\/\/e-vis.se\/forfalskade-lakemedel\/"},{"@type":"ListItem","position":3,"name":"Bakom ditt l\u00e4kemedel"}]},{"@type":"WebSite","@id":"https:\/\/e-vis.se\/#website","url":"https:\/\/e-vis.se\/","name":"e-VIS","description":"e-Verifikation i Sverige","publisher":{"@id":"https:\/\/e-vis.se\/#organization"},"potentialAction":[{"@type":"SearchAction","target":{"@type":"EntryPoint","urlTemplate":"https:\/\/e-vis.se\/?s={search_term_string}"},"query-input":{"@type":"PropertyValueSpecification","valueRequired":true,"valueName":"search_term_string"}}],"inLanguage":"en-US"},{"@type":"Organization","@id":"https:\/\/e-vis.se\/#organization","name":"e-VIS","url":"https:\/\/e-vis.se\/","logo":{"@type":"ImageObject","inLanguage":"en-US","@id":"https:\/\/e-vis.se\/#\/schema\/logo\/image\/","url":"https:\/\/e-vis.se\/wp-content\/uploads\/2022\/12\/evis-std.jpg","contentUrl":"https:\/\/e-vis.se\/wp-content\/uploads\/2022\/12\/evis-std.jpg","width":1024,"height":768,"caption":"e-VIS"},"image":{"@id":"https:\/\/e-vis.se\/#\/schema\/logo\/image\/"}}]}},"_links":{"self":[{"href":"https:\/\/e-vis.se\/en\/wp-json\/wp\/v2\/pages\/5535","targetHints":{"allow":["GET"]}}],"collection":[{"href":"https:\/\/e-vis.se\/en\/wp-json\/wp\/v2\/pages"}],"about":[{"href":"https:\/\/e-vis.se\/en\/wp-json\/wp\/v2\/types\/page"}],"author":[{"embeddable":true,"href":"https:\/\/e-vis.se\/en\/wp-json\/wp\/v2\/users\/9"}],"replies":[{"embeddable":true,"href":"https:\/\/e-vis.se\/en\/wp-json\/wp\/v2\/comments?post=5535"}],"version-history":[{"count":9,"href":"https:\/\/e-vis.se\/en\/wp-json\/wp\/v2\/pages\/5535\/revisions"}],"predecessor-version":[{"id":5590,"href":"https:\/\/e-vis.se\/en\/wp-json\/wp\/v2\/pages\/5535\/revisions\/5590"}],"up":[{"embeddable":true,"href":"https:\/\/e-vis.se\/en\/wp-json\/wp\/v2\/pages\/3530"}],"wp:featuredmedia":[{"embeddable":true,"href":"https:\/\/e-vis.se\/en\/wp-json\/wp\/v2\/media\/4456"}],"wp:attachment":[{"href":"https:\/\/e-vis.se\/en\/wp-json\/wp\/v2\/media?parent=5535"}],"curies":[{"name":"wp","href":"https:\/\/api.w.org\/{rel}","templated":true}]}}