{"id":5635,"date":"2026-01-19T12:36:49","date_gmt":"2026-01-19T11:36:49","guid":{"rendered":"https:\/\/e-vis.se\/?page_id=5635"},"modified":"2026-03-30T13:32:26","modified_gmt":"2026-03-30T11:32:26","slug":"start","status":"publish","type":"page","link":"https:\/\/e-vis.se\/en\/","title":{"rendered":"Start"},"content":{"rendered":"\n<div class=\"wp-block-cover alignfull hero\" style=\"min-height:700px;aspect-ratio:unset;\" id=\"hero\"><span aria-hidden=\"true\" class=\"wp-block-cover__background has-neve-link-color-background-color has-background-dim-100 has-background-dim\"><\/span><div class=\"wp-block-cover__inner-container is-layout-flow wp-block-cover-is-layout-flow\">\n<div class=\"wp-block-columns hero-first-block is-layout-flex wp-container-core-columns-is-layout-9d6595d7 wp-block-columns-is-layout-flex\">\n<div class=\"wp-block-column is-layout-flow wp-block-column-is-layout-flow\" style=\"flex-basis:50%\">\n<figure class=\"wp-block-image size-full\"><img decoding=\"async\" src=\"https:\/\/e-vis.se\/wp-content\/uploads\/2022\/12\/evis-1.jpg\" alt=\"\" class=\"wp-image-35\"\/><\/figure>\n<\/div>\n\n\n\n<div class=\"wp-block-column is-vertically-aligned-center is-layout-flow wp-block-column-is-layout-flow\" style=\"flex-basis:50%\">\n<h2 class=\"wp-block-heading has-nv-text-dark-bg-color has-text-color\">e-VIS<\/h2>\n\n\n\n<p>e-VIS tillhandah\u00e5ller ett e-verifikationssystem som hindrar<br>f\u00f6rfalskade l\u00e4kemedel att n\u00e5 patienter via apotek eller sjukv\u00e5rd.<br>Tack vare det s\u00e4kra systemet kan varje patient i Sverige k\u00e4nna sig<br>trygg med att de l\u00e4kemedel som l\u00e4mnas ut \u00e4r \u00e4kta.<br>Bakom e-VIS st\u00e5r branschorganisationerna inom hela<br>l\u00e4kemedelskedjan.<\/p>\n<\/div>\n<\/div>\n\n\n\n<div class=\"wp-block-columns is-layout-flex wp-container-core-columns-is-layout-9d6595d7 wp-block-columns-is-layout-flex\" id=\"fast-links\">\n<div class=\"wp-block-column rounded has-nv-site-bg-background-color has-background is-layout-flow wp-block-column-is-layout-flow\" style=\"flex-basis:20%\"><div class=\"wp-block-image\">\n<figure class=\"aligncenter size-full\"><a href=\"https:\/\/e-vis.se\/lakemedelsforetag\/\"><img decoding=\"async\" src=\"https:\/\/e-vis.se\/wp-content\/uploads\/2022\/12\/produscent-1.png\" alt=\"\" class=\"wp-image-78\"\/><\/a><\/figure>\n<\/div>\n\n\n<p class=\"has-text-align-center fast-link has-neve-link-color-color has-text-color\"><strong><a href=\"https:\/\/e-vis.se\/lakemedelsforetag\/\">L\u00e4kemedelsf\u00f6retag<\/a><\/strong><\/p>\n<\/div>\n\n\n\n<div class=\"wp-block-column rounded has-nv-site-bg-background-color has-background is-layout-flow wp-block-column-is-layout-flow\" style=\"flex-basis:20%\"><div class=\"wp-block-image\">\n<figure class=\"aligncenter size-full\"><a href=\"https:\/\/e-vis.se\/apotek-och-partihandel\/\"><img decoding=\"async\" src=\"https:\/\/e-vis.se\/wp-content\/uploads\/2022\/12\/grossist-1.png\" alt=\"\" class=\"wp-image-77\"\/><\/a><\/figure>\n<\/div>\n\n\n<p class=\"has-text-align-center fast-link has-neve-link-color-color has-text-color\"><strong><a href=\"https:\/\/e-vis.se\/apotek-och-partihandel\/\">Apotek\/partihandel\/v\u00e5rd<\/a><\/strong><\/p>\n<\/div>\n\n\n\n<div class=\"wp-block-column rounded has-nv-site-bg-background-color has-background is-layout-flow wp-block-column-is-layout-flow\" style=\"flex-basis:20%\"><div class=\"wp-block-image\">\n<figure class=\"aligncenter size-full\"><img loading=\"lazy\" decoding=\"async\" width=\"272\" height=\"163\" src=\"https:\/\/e-vis.se\/wp-content\/uploads\/2023\/01\/IT-system-edited-front.png\" alt=\"\" class=\"wp-image-4264\"\/><\/figure>\n<\/div>\n\n\n<p class=\"has-text-align-center fast-link has-neve-link-color-color has-text-color\"><strong><a href=\"https:\/\/e-vis.se\/en\/about-smvs\/\">SMVS<\/a><\/strong><\/p>\n<\/div>\n\n\n\n<div class=\"wp-block-column rounded has-nv-site-bg-background-color has-background is-layout-flow wp-block-column-is-layout-flow\" style=\"flex-basis:20%\"><div class=\"wp-block-image\">\n<figure class=\"aligncenter size-full\"><a href=\"https:\/\/e-vis.se\/varningar-larm\/\"><img decoding=\"async\" src=\"https:\/\/e-vis.se\/wp-content\/uploads\/2022\/12\/Varning-alert-1.png\" alt=\"\" class=\"wp-image-80\"\/><\/a><\/figure>\n<\/div>\n\n\n<p class=\"has-text-align-center fast-link has-neve-link-color-color has-text-color\"><strong><a href=\"https:\/\/e-vis.se\/varningar-larm\/\">Varningar och larm<\/a><\/strong><\/p>\n<\/div>\n\n\n\n<div class=\"wp-block-column rounded has-nv-site-bg-background-color has-background is-layout-flow wp-block-column-is-layout-flow\" style=\"flex-basis:20%\"><div class=\"wp-block-image\">\n<figure class=\"aligncenter size-full\"><a href=\"https:\/\/e-vis.se\/qna\/\"><img decoding=\"async\" src=\"https:\/\/e-vis.se\/wp-content\/uploads\/2022\/12\/check-2-1.png\" alt=\"\" class=\"wp-image-76\"\/><\/a><\/figure>\n<\/div>\n\n\n<p class=\"has-text-align-center fast-link has-neve-link-color-color has-text-color\"><strong><a href=\"https:\/\/e-vis.se\/qna\/\">Q &amp; A<\/a><\/strong><\/p>\n<\/div>\n<\/div>\n<\/div><\/div>\n\n\n\n<div style=\"height:80px\" aria-hidden=\"true\" class=\"wp-block-spacer\"><\/div>\n\n\n\n<h2 class=\"wp-block-heading has-neve-link-color-color has-text-color\">Nyheter<\/h2>\n\n\n<ul class=\"wp-block-latest-posts__list is-grid columns-3 has-dates e-vis-news-post-bg wp-block-latest-posts\"><li><a class=\"wp-block-latest-posts__post-title\" href=\"https:\/\/e-vis.se\/en\/2026\/03\/24\/e-vis-has-connected-to-the-european-ams-hub-eams\/\">e\u2011VIS has connected to the European AMS hub (eAMS)!<\/a><time datetime=\"2026-03-24T11:24:35+01:00\" class=\"wp-block-latest-posts__post-date\">24 March, 2026<\/time><\/li>\n<li><a class=\"wp-block-latest-posts__post-title\" href=\"https:\/\/e-vis.se\/en\/2025\/12\/19\/merry-christmas-happy-new-year\/\">Merry Christmas &amp; Happy New Year!<\/a><time datetime=\"2025-12-19T17:24:26+01:00\" class=\"wp-block-latest-posts__post-date\">19 December, 2025<\/time><\/li>\n<li><a class=\"wp-block-latest-posts__post-title\" href=\"https:\/\/e-vis.se\/en\/2025\/12\/03\/behind-your-medicine\/\">Behind Your Medicine<\/a><time datetime=\"2025-12-03T08:00:00+01:00\" class=\"wp-block-latest-posts__post-date\">3 December, 2025<\/time><\/li>\n<\/ul>\n\n\n<div class=\"wp-block-buttons is-layout-flex wp-block-buttons-is-layout-flex\">\n<div class=\"wp-block-button aligncenter is-style-primary\"><a class=\"wp-block-button__link wp-element-button\" href=\"https:\/\/e-vis.se\/nyheter\/\">Alla nyheter<\/a><\/div>\n<\/div>\n\n\n\n<div style=\"height:100px\" aria-hidden=\"true\" class=\"wp-block-spacer\"><\/div>\n\n\n\n<h2 class=\"wp-block-heading has-text-align-center\"><strong>Follow us and join the conversation on social media<\/strong><\/h2>\n\n\n<div class=\"juicer-feed\" data-feed-id=\"swedish-medicines-verification-organisation-e-vis\"><\/div>\n\n\n\n<script>\nfunction translateReadMore() {\n  document.querySelectorAll('.j-read-more').forEach(function (link) {\n    link.textContent = 'L\u00e4s mer...';\n  });\n}document.addEventListener('juicer:feedLoaded', translateReadMore);\ndocument.addEventListener('juicer:feedPaginated', translateReadMore);\nsetInterval(translateReadMore, 1000)();\n<\/script>\n","protected":false},"excerpt":{"rendered":"<p>Nyheter Follow us and join the conversation on social media<\/p>\n","protected":false},"author":10,"featured_media":4456,"parent":0,"menu_order":0,"comment_status":"closed","ping_status":"closed","template":"","meta":{"_acf_changed":false,"inline_featured_image":false,"neve_meta_sidebar":"","neve_meta_container":"","neve_meta_enable_content_width":"on","neve_meta_content_width":100,"neve_meta_title_alignment":"","neve_meta_author_avatar":"","neve_post_elements_order":"","neve_meta_disable_header":"","neve_meta_disable_footer":"","neve_meta_disable_title":"on","neve_meta_reading_time":"","footnotes":""},"class_list":["post-5635","page","type-page","status-publish","has-post-thumbnail","hentry"],"acf":[],"featured_image_src":"https:\/\/e-vis.se\/wp-content\/uploads\/2023\/02\/default-img-evis.png","yoast_head":"<!-- This site is optimized with the Yoast SEO plugin v27.1.1 - https:\/\/yoast.com\/product\/yoast-seo-wordpress\/ -->\n<title>Start - e-VIS<\/title>\n<meta name=\"robots\" content=\"index, follow, max-snippet:-1, max-image-preview:large, max-video-preview:-1\" \/>\n<link rel=\"canonical\" href=\"https:\/\/e-vis.se\/\" \/>\n<meta property=\"og:locale\" content=\"en_US\" \/>\n<meta property=\"og:type\" content=\"article\" \/>\n<meta property=\"og:title\" content=\"Start - e-VIS\" \/>\n<meta property=\"og:description\" content=\"Nyheter Follow us and join the conversation on social media\" \/>\n<meta property=\"og:url\" content=\"https:\/\/e-vis.se\/\" \/>\n<meta property=\"og:site_name\" content=\"e-VIS\" \/>\n<meta property=\"article:modified_time\" content=\"2026-03-30T11:32:26+00:00\" \/>\n<meta property=\"og:image\" content=\"https:\/\/e-vis.se\/wp-content\/uploads\/2023\/02\/default-img-evis.png\" \/>\n\t<meta property=\"og:image:width\" content=\"1024\" \/>\n\t<meta property=\"og:image:height\" content=\"480\" \/>\n\t<meta property=\"og:image:type\" content=\"image\/png\" \/>\n<meta name=\"twitter:card\" content=\"summary_large_image\" \/>\n<meta name=\"twitter:label1\" content=\"Est. reading time\" \/>\n\t<meta name=\"twitter:data1\" content=\"2 minutes\" \/>\n<script type=\"application\/ld+json\" class=\"yoast-schema-graph\">{\"@context\":\"https:\/\/schema.org\",\"@graph\":[{\"@type\":\"WebPage\",\"@id\":\"https:\/\/e-vis.se\/\",\"url\":\"https:\/\/e-vis.se\/\",\"name\":\"Start - e-VIS\",\"isPartOf\":{\"@id\":\"https:\/\/e-vis.se\/#website\"},\"primaryImageOfPage\":{\"@id\":\"https:\/\/e-vis.se\/#primaryimage\"},\"image\":{\"@id\":\"https:\/\/e-vis.se\/#primaryimage\"},\"thumbnailUrl\":\"https:\/\/e-vis.se\/wp-content\/uploads\/2023\/02\/default-img-evis.png\",\"datePublished\":\"2026-01-19T11:36:49+00:00\",\"dateModified\":\"2026-03-30T11:32:26+00:00\",\"breadcrumb\":{\"@id\":\"https:\/\/e-vis.se\/#breadcrumb\"},\"inLanguage\":\"en-US\",\"potentialAction\":[{\"@type\":\"ReadAction\",\"target\":[\"https:\/\/e-vis.se\/\"]}]},{\"@type\":\"ImageObject\",\"inLanguage\":\"en-US\",\"@id\":\"https:\/\/e-vis.se\/#primaryimage\",\"url\":\"https:\/\/e-vis.se\/wp-content\/uploads\/2023\/02\/default-img-evis.png\",\"contentUrl\":\"https:\/\/e-vis.se\/wp-content\/uploads\/2023\/02\/default-img-evis.png\",\"width\":1024,\"height\":480},{\"@type\":\"BreadcrumbList\",\"@id\":\"https:\/\/e-vis.se\/#breadcrumb\",\"itemListElement\":[{\"@type\":\"ListItem\",\"position\":1,\"name\":\"Start\",\"item\":\"https:\/\/e-vis.se\/\"},{\"@type\":\"ListItem\",\"position\":2,\"name\":\"Start\"}]},{\"@type\":\"WebSite\",\"@id\":\"https:\/\/e-vis.se\/#website\",\"url\":\"https:\/\/e-vis.se\/\",\"name\":\"e-VIS\",\"description\":\"e-Verifikation i Sverige\",\"publisher\":{\"@id\":\"https:\/\/e-vis.se\/#organization\"},\"potentialAction\":[{\"@type\":\"SearchAction\",\"target\":{\"@type\":\"EntryPoint\",\"urlTemplate\":\"https:\/\/e-vis.se\/?s={search_term_string}\"},\"query-input\":{\"@type\":\"PropertyValueSpecification\",\"valueRequired\":true,\"valueName\":\"search_term_string\"}}],\"inLanguage\":\"en-US\"},{\"@type\":\"Organization\",\"@id\":\"https:\/\/e-vis.se\/#organization\",\"name\":\"e-VIS\",\"url\":\"https:\/\/e-vis.se\/\",\"logo\":{\"@type\":\"ImageObject\",\"inLanguage\":\"en-US\",\"@id\":\"https:\/\/e-vis.se\/#\/schema\/logo\/image\/\",\"url\":\"https:\/\/e-vis.se\/wp-content\/uploads\/2022\/12\/evis-std.jpg\",\"contentUrl\":\"https:\/\/e-vis.se\/wp-content\/uploads\/2022\/12\/evis-std.jpg\",\"width\":1024,\"height\":768,\"caption\":\"e-VIS\"},\"image\":{\"@id\":\"https:\/\/e-vis.se\/#\/schema\/logo\/image\/\"}}]}<\/script>\n<!-- \/ Yoast SEO plugin. -->","yoast_head_json":{"title":"Start - e-VIS","robots":{"index":"index","follow":"follow","max-snippet":"max-snippet:-1","max-image-preview":"max-image-preview:large","max-video-preview":"max-video-preview:-1"},"canonical":"https:\/\/e-vis.se\/","og_locale":"en_US","og_type":"article","og_title":"Start - e-VIS","og_description":"Nyheter Follow us and join the conversation on social media","og_url":"https:\/\/e-vis.se\/","og_site_name":"e-VIS","article_modified_time":"2026-03-30T11:32:26+00:00","og_image":[{"width":1024,"height":480,"url":"https:\/\/e-vis.se\/wp-content\/uploads\/2023\/02\/default-img-evis.png","type":"image\/png"}],"twitter_card":"summary_large_image","twitter_misc":{"Est. reading time":"2 minutes"},"schema":{"@context":"https:\/\/schema.org","@graph":[{"@type":"WebPage","@id":"https:\/\/e-vis.se\/","url":"https:\/\/e-vis.se\/","name":"Start - e-VIS","isPartOf":{"@id":"https:\/\/e-vis.se\/#website"},"primaryImageOfPage":{"@id":"https:\/\/e-vis.se\/#primaryimage"},"image":{"@id":"https:\/\/e-vis.se\/#primaryimage"},"thumbnailUrl":"https:\/\/e-vis.se\/wp-content\/uploads\/2023\/02\/default-img-evis.png","datePublished":"2026-01-19T11:36:49+00:00","dateModified":"2026-03-30T11:32:26+00:00","breadcrumb":{"@id":"https:\/\/e-vis.se\/#breadcrumb"},"inLanguage":"en-US","potentialAction":[{"@type":"ReadAction","target":["https:\/\/e-vis.se\/"]}]},{"@type":"ImageObject","inLanguage":"en-US","@id":"https:\/\/e-vis.se\/#primaryimage","url":"https:\/\/e-vis.se\/wp-content\/uploads\/2023\/02\/default-img-evis.png","contentUrl":"https:\/\/e-vis.se\/wp-content\/uploads\/2023\/02\/default-img-evis.png","width":1024,"height":480},{"@type":"BreadcrumbList","@id":"https:\/\/e-vis.se\/#breadcrumb","itemListElement":[{"@type":"ListItem","position":1,"name":"Start","item":"https:\/\/e-vis.se\/"},{"@type":"ListItem","position":2,"name":"Start"}]},{"@type":"WebSite","@id":"https:\/\/e-vis.se\/#website","url":"https:\/\/e-vis.se\/","name":"e-VIS","description":"e-Verifikation i Sverige","publisher":{"@id":"https:\/\/e-vis.se\/#organization"},"potentialAction":[{"@type":"SearchAction","target":{"@type":"EntryPoint","urlTemplate":"https:\/\/e-vis.se\/?s={search_term_string}"},"query-input":{"@type":"PropertyValueSpecification","valueRequired":true,"valueName":"search_term_string"}}],"inLanguage":"en-US"},{"@type":"Organization","@id":"https:\/\/e-vis.se\/#organization","name":"e-VIS","url":"https:\/\/e-vis.se\/","logo":{"@type":"ImageObject","inLanguage":"en-US","@id":"https:\/\/e-vis.se\/#\/schema\/logo\/image\/","url":"https:\/\/e-vis.se\/wp-content\/uploads\/2022\/12\/evis-std.jpg","contentUrl":"https:\/\/e-vis.se\/wp-content\/uploads\/2022\/12\/evis-std.jpg","width":1024,"height":768,"caption":"e-VIS"},"image":{"@id":"https:\/\/e-vis.se\/#\/schema\/logo\/image\/"}}]}},"_links":{"self":[{"href":"https:\/\/e-vis.se\/en\/wp-json\/wp\/v2\/pages\/5635","targetHints":{"allow":["GET"]}}],"collection":[{"href":"https:\/\/e-vis.se\/en\/wp-json\/wp\/v2\/pages"}],"about":[{"href":"https:\/\/e-vis.se\/en\/wp-json\/wp\/v2\/types\/page"}],"author":[{"embeddable":true,"href":"https:\/\/e-vis.se\/en\/wp-json\/wp\/v2\/users\/10"}],"replies":[{"embeddable":true,"href":"https:\/\/e-vis.se\/en\/wp-json\/wp\/v2\/comments?post=5635"}],"version-history":[{"count":12,"href":"https:\/\/e-vis.se\/en\/wp-json\/wp\/v2\/pages\/5635\/revisions"}],"predecessor-version":[{"id":5784,"href":"https:\/\/e-vis.se\/en\/wp-json\/wp\/v2\/pages\/5635\/revisions\/5784"}],"wp:featuredmedia":[{"embeddable":true,"href":"https:\/\/e-vis.se\/en\/wp-json\/wp\/v2\/media\/4456"}],"wp:attachment":[{"href":"https:\/\/e-vis.se\/en\/wp-json\/wp\/v2\/media?parent=5635"}],"curies":[{"name":"wp","href":"https:\/\/api.w.org\/{rel}","templated":true}]}}